{"id":302,"date":"2021-07-31T06:40:20","date_gmt":"2021-07-31T06:40:20","guid":{"rendered":"https:\/\/fundacionceramicaitalia.org\/wp20\/?post_type=product&#038;p=302"},"modified":"2022-03-27T12:31:34","modified_gmt":"2022-03-27T12:31:34","slug":"palenquera","status":"publish","type":"product","link":"https:\/\/fundacionceramicaitalia.org\/wp20\/producto\/palenquera\/","title":{"rendered":"PALENQUERA"},"content":{"rendered":"<p>Las Palenqueras son un estudio que vengo desarrollando desde hace mas de 20 a\u00f1os sobre la mujer original.<br \/>\nAtt: Autor.<\/p>\n","protected":false},"excerpt":{"rendered":"<p><em>La Fundaci\u00f3n Cer\u00e1mica Italia informa a todas las personas interesadas en adquirir obras de la Galer\u00eda Zulima que el costo de env\u00edo NO se encuentra reflejado en el valor de venta. Dicho costo ser\u00e1 asumido por el comprador o podr\u00e1 recibir la obra desde las instalaciones del Teatro Zulima C\u00facuta (Av. 5 #9-25 Centro C\u00facuta).<\/em><\/p>\n","protected":false},"featured_media":303,"comment_status":"open","ping_status":"closed","template":"","meta":[],"product_cat":[19],"product_tag":[],"class_list":["post-302","product","type-product","status-publish","has-post-thumbnail","hentry","product_cat-galeria-zulima"],"_links":{"self":[{"href":"https:\/\/fundacionceramicaitalia.org\/wp20\/wp-json\/wp\/v2\/product\/302","targetHints":{"allow":["GET"]}}],"collection":[{"href":"https:\/\/fundacionceramicaitalia.org\/wp20\/wp-json\/wp\/v2\/product"}],"about":[{"href":"https:\/\/fundacionceramicaitalia.org\/wp20\/wp-json\/wp\/v2\/types\/product"}],"replies":[{"embeddable":true,"href":"https:\/\/fundacionceramicaitalia.org\/wp20\/wp-json\/wp\/v2\/comments?post=302"}],"wp:featuredmedia":[{"embeddable":true,"href":"https:\/\/fundacionceramicaitalia.org\/wp20\/wp-json\/wp\/v2\/media\/303"}],"wp:attachment":[{"href":"https:\/\/fundacionceramicaitalia.org\/wp20\/wp-json\/wp\/v2\/media?parent=302"}],"wp:term":[{"taxonomy":"product_cat","embeddable":true,"href":"https:\/\/fundacionceramicaitalia.org\/wp20\/wp-json\/wp\/v2\/product_cat?post=302"},{"taxonomy":"product_tag","embeddable":true,"href":"https:\/\/fundacionceramicaitalia.org\/wp20\/wp-json\/wp\/v2\/product_tag?post=302"}],"curies":[{"name":"wp","href":"https:\/\/api.w.org\/{rel}","templated":true}]}}