{"id":240,"date":"2021-07-21T16:52:48","date_gmt":"2021-07-21T16:52:48","guid":{"rendered":"https:\/\/fundacionceramicaitalia.org\/wp20\/?post_type=product&#038;p=240"},"modified":"2021-08-02T13:58:41","modified_gmt":"2021-08-02T13:58:41","slug":"maquinismo","status":"publish","type":"product","link":"https:\/\/fundacionceramicaitalia.org\/wp20\/producto\/maquinismo\/","title":{"rendered":"MAQUINISMO"},"content":{"rendered":"<p>La invenci\u00f3n de la rueda y luego de la m\u00e1quina, fue el gran cambio de la manera de ver el mundo. La m\u00e1quina no solo reemplaz\u00f3 al ser humano, sino que el mismo empez\u00f3 a ser juzgado como m\u00e1quina en t\u00e9rminos de rendimiento. Hoy, el valor de un hombre no se mide por su ser sino por su producci\u00f3n.<br \/>\nComo la m\u00e1quina, el hombre se volvi\u00f3 desechable, cuando falla, se convierte en chatarra, se lleva a la basura y se consigue otro hombre-m\u00e1quina nuevo. Sin embargo, hay algo que ninguna m\u00e1quina puede tener y es el alma junto con los sentimientos del ser humano, su capacidad para sentir las emociones m\u00e1s intensas y elevar su esp\u00edritu hacia los confines del Universo.<br \/>\nAtt: Autor.<\/p>\n","protected":false},"excerpt":{"rendered":"<p><em>La Fundaci\u00f3n Cer\u00e1mica Italia informa a todas las personas interesadas en adquirir obras de la Galer\u00eda Zulima que el costo de env\u00edo NO se encuentra reflejado en el valor de venta. Dicho costo ser\u00e1 asumido por el comprador o podr\u00e1 recibir la obra desde las instalaciones del Teatro Zulima C\u00facuta (Av. 5 #9-25 Centro C\u00facuta).<\/em><\/p>\n","protected":false},"featured_media":241,"comment_status":"open","ping_status":"closed","template":"","meta":[],"product_cat":[19],"product_tag":[],"class_list":["post-240","product","type-product","status-publish","has-post-thumbnail","hentry","product_cat-galeria-zulima"],"_links":{"self":[{"href":"https:\/\/fundacionceramicaitalia.org\/wp20\/wp-json\/wp\/v2\/product\/240","targetHints":{"allow":["GET"]}}],"collection":[{"href":"https:\/\/fundacionceramicaitalia.org\/wp20\/wp-json\/wp\/v2\/product"}],"about":[{"href":"https:\/\/fundacionceramicaitalia.org\/wp20\/wp-json\/wp\/v2\/types\/product"}],"replies":[{"embeddable":true,"href":"https:\/\/fundacionceramicaitalia.org\/wp20\/wp-json\/wp\/v2\/comments?post=240"}],"wp:featuredmedia":[{"embeddable":true,"href":"https:\/\/fundacionceramicaitalia.org\/wp20\/wp-json\/wp\/v2\/media\/241"}],"wp:attachment":[{"href":"https:\/\/fundacionceramicaitalia.org\/wp20\/wp-json\/wp\/v2\/media?parent=240"}],"wp:term":[{"taxonomy":"product_cat","embeddable":true,"href":"https:\/\/fundacionceramicaitalia.org\/wp20\/wp-json\/wp\/v2\/product_cat?post=240"},{"taxonomy":"product_tag","embeddable":true,"href":"https:\/\/fundacionceramicaitalia.org\/wp20\/wp-json\/wp\/v2\/product_tag?post=240"}],"curies":[{"name":"wp","href":"https:\/\/api.w.org\/{rel}","templated":true}]}}