{"id":236,"date":"2021-07-21T16:44:23","date_gmt":"2021-07-21T16:44:23","guid":{"rendered":"https:\/\/fundacionceramicaitalia.org\/wp20\/?post_type=product&#038;p=236"},"modified":"2022-03-29T17:40:25","modified_gmt":"2022-03-29T17:40:25","slug":"aborigenia","status":"publish","type":"product","link":"https:\/\/fundacionceramicaitalia.org\/wp20\/producto\/aborigenia\/","title":{"rendered":"ABORIGENIA"},"content":{"rendered":"<p>Un rostro de aborigen representando los pueblos originarios\u2026 El universo de fondo, en colores vivos, y el rostro del ind\u00edgena en primer plano en tonos gris\u00e1ceos, cabe destacar que esta obra fue premiada con el primer puesto, en la exposici\u00f3n del Museo de la Memoria (sede secretaria de cultura municipal) en el Marco de la primera versi\u00f3n del evento expositivo \u00abPintura r\u00e1pida\u00bb del a\u00f1o 2017, organizado por la Fundaci\u00f3n el Pilar en direcci\u00f3n del Maestro Luis Miguel Brahim.<br \/>\nAtt: Autor.<\/p>\n","protected":false},"excerpt":{"rendered":"<p><em>La Fundaci\u00f3n Cer\u00e1mica Italia informa a todas las personas interesadas en adquirir obras de la Galer\u00eda Zulima que el costo de env\u00edo NO se encuentra reflejado en el valor de venta. Dicho costo ser\u00e1 asumido por el comprador o podr\u00e1 recibir la obra desde las instalaciones del Teatro Zulima C\u00facuta (Av. 5 #9-25 Centro C\u00facuta).<\/em><\/p>\n","protected":false},"featured_media":237,"comment_status":"open","ping_status":"closed","template":"","meta":[],"product_cat":[19],"product_tag":[],"class_list":["post-236","product","type-product","status-publish","has-post-thumbnail","hentry","product_cat-galeria-zulima"],"_links":{"self":[{"href":"https:\/\/fundacionceramicaitalia.org\/wp20\/wp-json\/wp\/v2\/product\/236","targetHints":{"allow":["GET"]}}],"collection":[{"href":"https:\/\/fundacionceramicaitalia.org\/wp20\/wp-json\/wp\/v2\/product"}],"about":[{"href":"https:\/\/fundacionceramicaitalia.org\/wp20\/wp-json\/wp\/v2\/types\/product"}],"replies":[{"embeddable":true,"href":"https:\/\/fundacionceramicaitalia.org\/wp20\/wp-json\/wp\/v2\/comments?post=236"}],"wp:featuredmedia":[{"embeddable":true,"href":"https:\/\/fundacionceramicaitalia.org\/wp20\/wp-json\/wp\/v2\/media\/237"}],"wp:attachment":[{"href":"https:\/\/fundacionceramicaitalia.org\/wp20\/wp-json\/wp\/v2\/media?parent=236"}],"wp:term":[{"taxonomy":"product_cat","embeddable":true,"href":"https:\/\/fundacionceramicaitalia.org\/wp20\/wp-json\/wp\/v2\/product_cat?post=236"},{"taxonomy":"product_tag","embeddable":true,"href":"https:\/\/fundacionceramicaitalia.org\/wp20\/wp-json\/wp\/v2\/product_tag?post=236"}],"curies":[{"name":"wp","href":"https:\/\/api.w.org\/{rel}","templated":true}]}}