{"id":234,"date":"2021-07-21T16:39:49","date_gmt":"2021-07-21T16:39:49","guid":{"rendered":"https:\/\/fundacionceramicaitalia.org\/wp20\/?post_type=product&#038;p=234"},"modified":"2022-10-27T09:43:14","modified_gmt":"2022-10-27T09:43:14","slug":"un-cielo-y-medio-falso","status":"publish","type":"product","link":"https:\/\/fundacionceramicaitalia.org\/wp20\/producto\/un-cielo-y-medio-falso\/","title":{"rendered":"UN CIELO Y MEDIO FALSO"},"content":{"rendered":"<p>Esta obra busca generar una reflexi\u00f3n personal sobre la utilizaci\u00f3n de elementos cotidianos para recrear espacios o estados ideales de confort, pero transitorios, los cuales al transcurrir el tiempo parecen obsoletos y son desechados a gusto y criterio est\u00e9tico \u201cpasados de moda\u201c. No obstante, son materiales que pueden reutilizarse y disminuir el impacto al medio ambiente, al igual que frenar el desastre que est\u00e1 arrastrando al planeta y del que los seres vivos est\u00e1n pagando las consecuencias.<br \/>\nLos principios de la composici\u00f3n se basan en los patrones base de la utilizaci\u00f3n del drywall (cielo falso reciclado) para su ensamble, es decir, 50 cm incluyendo su estructura que da como resultado la unidad b\u00e1sica que uso como apoyo conceptual para definir un \u201cmedio\u201d restante , el cual est\u00e1 apartado arbitrariamente, incluso saqueado hasta la saciedad a causa de la satisfacci\u00f3n de nuestros placeres y necesidades que nos hacen pensar y recrear un estado ideal y ficticio de un para\u00edso artificial instaurado por nuestros caprichos , que se ven representados con elementos representativos de nuestra ciudad como un hecho que repite aqu\u00ed y all\u00e1 en muchos lugares del planeta.<br \/>\nAtt: Autor.<\/p>\n","protected":false},"excerpt":{"rendered":"<p><em>La Fundaci\u00f3n Cer\u00e1mica Italia informa a todas las personas interesadas en adquirir obras de la Galer\u00eda Zulima que el costo de env\u00edo NO se encuentra reflejado en el valor de venta. Dicho costo ser\u00e1 asumido por el comprador o podr\u00e1 recibir la obra desde las instalaciones del Teatro Zulima C\u00facuta (Av. 5 #9-25 Centro C\u00facuta).<\/em><\/p>\n","protected":false},"featured_media":235,"comment_status":"open","ping_status":"closed","template":"","meta":[],"product_cat":[19],"product_tag":[],"class_list":["post-234","product","type-product","status-publish","has-post-thumbnail","hentry","product_cat-galeria-zulima"],"_links":{"self":[{"href":"https:\/\/fundacionceramicaitalia.org\/wp20\/wp-json\/wp\/v2\/product\/234","targetHints":{"allow":["GET"]}}],"collection":[{"href":"https:\/\/fundacionceramicaitalia.org\/wp20\/wp-json\/wp\/v2\/product"}],"about":[{"href":"https:\/\/fundacionceramicaitalia.org\/wp20\/wp-json\/wp\/v2\/types\/product"}],"replies":[{"embeddable":true,"href":"https:\/\/fundacionceramicaitalia.org\/wp20\/wp-json\/wp\/v2\/comments?post=234"}],"wp:featuredmedia":[{"embeddable":true,"href":"https:\/\/fundacionceramicaitalia.org\/wp20\/wp-json\/wp\/v2\/media\/235"}],"wp:attachment":[{"href":"https:\/\/fundacionceramicaitalia.org\/wp20\/wp-json\/wp\/v2\/media?parent=234"}],"wp:term":[{"taxonomy":"product_cat","embeddable":true,"href":"https:\/\/fundacionceramicaitalia.org\/wp20\/wp-json\/wp\/v2\/product_cat?post=234"},{"taxonomy":"product_tag","embeddable":true,"href":"https:\/\/fundacionceramicaitalia.org\/wp20\/wp-json\/wp\/v2\/product_tag?post=234"}],"curies":[{"name":"wp","href":"https:\/\/api.w.org\/{rel}","templated":true}]}}