{"id":232,"date":"2021-07-21T16:34:13","date_gmt":"2021-07-21T16:34:13","guid":{"rendered":"https:\/\/fundacionceramicaitalia.org\/wp20\/?post_type=product&#038;p=232"},"modified":"2021-08-02T14:18:43","modified_gmt":"2021-08-02T14:18:43","slug":"once","status":"publish","type":"product","link":"https:\/\/fundacionceramicaitalia.org\/wp20\/producto\/once\/","title":{"rendered":"ONCE"},"content":{"rendered":"<p>La obra fue concebida a\u00f1orando la seguridad que brinda la frontera de protecci\u00f3n que puede crear para una mujer el agua junto al colectivo femenino unido por un todo y en ese contexto, es la primera de una serie de obras que la artista ha pensado recopilando escenarios en los que el colectivo femenino puede manifestarse poderosamente sabi\u00e9ndose libre, fuerte, protegida y protagonista ya que en esta disciplina deportiva nuestro g\u00e9nero es pionero en su ejecuci\u00f3n la que no solo implica fuerza sino resistencia f\u00edsica, gracia, flexibilidad, arte y precisi\u00f3n en el uso del tiempo; caracter\u00edsticas todas que dan como resultado una sincron\u00eda que ofrece al espectador belleza, todo lo contrario a las disciplinas masculinas , siendo as\u00ed este el punto de partida para plantearnos una nueva cohesi\u00f3n f\u00edsica femenina como propuesta para estos tiempos violentos .<br \/>\nAtt: Autor.<\/p>\n","protected":false},"excerpt":{"rendered":"<p><em>La Fundaci\u00f3n Cer\u00e1mica Italia informa a todas las personas interesadas en adquirir obras de la Galer\u00eda Zulima que el costo de env\u00edo NO se encuentra reflejado en el valor de venta. Dicho costo ser\u00e1 asumido por el comprador o podr\u00e1 recibir la obra desde las instalaciones del Teatro Zulima C\u00facuta (Av. 5 #9-25 Centro C\u00facuta).<\/em><\/p>\n","protected":false},"featured_media":233,"comment_status":"open","ping_status":"closed","template":"","meta":[],"product_cat":[19],"product_tag":[],"class_list":["post-232","product","type-product","status-publish","has-post-thumbnail","hentry","product_cat-galeria-zulima"],"_links":{"self":[{"href":"https:\/\/fundacionceramicaitalia.org\/wp20\/wp-json\/wp\/v2\/product\/232","targetHints":{"allow":["GET"]}}],"collection":[{"href":"https:\/\/fundacionceramicaitalia.org\/wp20\/wp-json\/wp\/v2\/product"}],"about":[{"href":"https:\/\/fundacionceramicaitalia.org\/wp20\/wp-json\/wp\/v2\/types\/product"}],"replies":[{"embeddable":true,"href":"https:\/\/fundacionceramicaitalia.org\/wp20\/wp-json\/wp\/v2\/comments?post=232"}],"wp:featuredmedia":[{"embeddable":true,"href":"https:\/\/fundacionceramicaitalia.org\/wp20\/wp-json\/wp\/v2\/media\/233"}],"wp:attachment":[{"href":"https:\/\/fundacionceramicaitalia.org\/wp20\/wp-json\/wp\/v2\/media?parent=232"}],"wp:term":[{"taxonomy":"product_cat","embeddable":true,"href":"https:\/\/fundacionceramicaitalia.org\/wp20\/wp-json\/wp\/v2\/product_cat?post=232"},{"taxonomy":"product_tag","embeddable":true,"href":"https:\/\/fundacionceramicaitalia.org\/wp20\/wp-json\/wp\/v2\/product_tag?post=232"}],"curies":[{"name":"wp","href":"https:\/\/api.w.org\/{rel}","templated":true}]}}