{"id":226,"date":"2021-07-21T16:13:59","date_gmt":"2021-07-21T16:13:59","guid":{"rendered":"https:\/\/fundacionceramicaitalia.org\/wp20\/?post_type=product&#038;p=226"},"modified":"2022-04-01T17:43:41","modified_gmt":"2022-04-01T17:43:41","slug":"frutos-fresa-triptico-serie-elementos","status":"publish","type":"product","link":"https:\/\/fundacionceramicaitalia.org\/wp20\/producto\/frutos-fresa-triptico-serie-elementos\/","title":{"rendered":"SERIE ELEMENTOS &#8211; FRUTOS: FRESA (Tr\u00edptico)"},"content":{"rendered":"<p>Esta Obra pertenece a la Serie denominada \u201cElementos\u201d y dentro de esta, a una miniserie denominada \u201cFrutos\u201d, donde se pretende mostrar la abundancia que la Naturaleza regala cada d\u00eda y en este caso corresponde a la Fresa; mostrada desde su propia particularidad; buscando en el aspecto formal, similitudes y relaciones con Im\u00e1genes del interior f\u00edsico-org\u00e1nico Femenina d\u00e1ndole connotaciones Er\u00f3ticas.<br \/>\nPara mostrar este aspecto de manera contundente, aparece la Fruta completa en el panel central, multiplicada o reproducida como se reproducen las cosechas y a cada lado, igualmente multiplicadas; im\u00e1genes de cortes verticales de esta, resultantes de dibujos previos donde aparecen a\u00fan m\u00e1s estas similitudes. Esta \u201clluvia de Frutos\u00bb, pertenece al elemento Aire, en sentido Metaf\u00f3rico y con respecto a su Proceso Biol\u00f3gico o Cosecha al elemento Tierra.<br \/>\nAtt: Autor.<\/p>\n","protected":false},"excerpt":{"rendered":"<p><em>La Fundaci\u00f3n Cer\u00e1mica Italia informa a todas las personas interesadas en adquirir obras de la Galer\u00eda Zulima que el costo de env\u00edo NO se encuentra reflejado en el valor de venta. Dicho costo ser\u00e1 asumido por el comprador o podr\u00e1 recibir la obra desde las instalaciones del Teatro Zulima C\u00facuta (Av. 5 #9-25 Centro C\u00facuta).<\/em><\/p>\n","protected":false},"featured_media":227,"comment_status":"open","ping_status":"closed","template":"","meta":[],"product_cat":[19],"product_tag":[],"class_list":["post-226","product","type-product","status-publish","has-post-thumbnail","hentry","product_cat-galeria-zulima"],"_links":{"self":[{"href":"https:\/\/fundacionceramicaitalia.org\/wp20\/wp-json\/wp\/v2\/product\/226","targetHints":{"allow":["GET"]}}],"collection":[{"href":"https:\/\/fundacionceramicaitalia.org\/wp20\/wp-json\/wp\/v2\/product"}],"about":[{"href":"https:\/\/fundacionceramicaitalia.org\/wp20\/wp-json\/wp\/v2\/types\/product"}],"replies":[{"embeddable":true,"href":"https:\/\/fundacionceramicaitalia.org\/wp20\/wp-json\/wp\/v2\/comments?post=226"}],"wp:featuredmedia":[{"embeddable":true,"href":"https:\/\/fundacionceramicaitalia.org\/wp20\/wp-json\/wp\/v2\/media\/227"}],"wp:attachment":[{"href":"https:\/\/fundacionceramicaitalia.org\/wp20\/wp-json\/wp\/v2\/media?parent=226"}],"wp:term":[{"taxonomy":"product_cat","embeddable":true,"href":"https:\/\/fundacionceramicaitalia.org\/wp20\/wp-json\/wp\/v2\/product_cat?post=226"},{"taxonomy":"product_tag","embeddable":true,"href":"https:\/\/fundacionceramicaitalia.org\/wp20\/wp-json\/wp\/v2\/product_tag?post=226"}],"curies":[{"name":"wp","href":"https:\/\/api.w.org\/{rel}","templated":true}]}}