{"id":224,"date":"2021-07-21T16:05:43","date_gmt":"2021-07-21T16:05:43","guid":{"rendered":"https:\/\/fundacionceramicaitalia.org\/wp20\/?post_type=product&#038;p=224"},"modified":"2022-03-26T20:47:15","modified_gmt":"2022-03-26T20:47:15","slug":"ausencia","status":"publish","type":"product","link":"https:\/\/fundacionceramicaitalia.org\/wp20\/producto\/ausencia\/","title":{"rendered":"AUSENCIA"},"content":{"rendered":"<p>En estos tiempos de pandemia donde todo se torna dif\u00edcil y las angustias se hacen cada vez m\u00e1s fuertes entre las personas, es de notar la ausencia de un estado naci\u00f3n que por a\u00f1os ha llevado a que la poblaci\u00f3n entre ellas las de bajos recursos tengan carencias de salud, educaci\u00f3n, vivienda territorio, etc.<br \/>\nEs de resaltar que un nuevo ejercicio de reclamaci\u00f3n ha surgido como lo es el paro nacional que ha unido a todos en una voz de rechazo e indignaci\u00f3n creando sin fin de acciones de movilizaciones que van desde lo cultural y lo v\u00e1ndalo, que despierta miradas internacionales hacia lo que se est\u00e1 reclamando un estado naci\u00f3n ausente por sus dirigentes.<br \/>\nAtt: Autor.<\/p>\n","protected":false},"excerpt":{"rendered":"<p><em>La Fundaci\u00f3n Cer\u00e1mica Italia informa a todas las personas interesadas en adquirir obras de la Galer\u00eda Zulima que el costo de env\u00edo NO se encuentra reflejado en el valor de venta. Dicho costo ser\u00e1 asumido por el comprador o podr\u00e1 recibir la obra desde las instalaciones del Teatro Zulima C\u00facuta (Av. 5 #9-25 Centro C\u00facuta).<\/em><\/p>\n","protected":false},"featured_media":225,"comment_status":"open","ping_status":"closed","template":"","meta":[],"product_cat":[19],"product_tag":[],"class_list":["post-224","product","type-product","status-publish","has-post-thumbnail","hentry","product_cat-galeria-zulima"],"_links":{"self":[{"href":"https:\/\/fundacionceramicaitalia.org\/wp20\/wp-json\/wp\/v2\/product\/224","targetHints":{"allow":["GET"]}}],"collection":[{"href":"https:\/\/fundacionceramicaitalia.org\/wp20\/wp-json\/wp\/v2\/product"}],"about":[{"href":"https:\/\/fundacionceramicaitalia.org\/wp20\/wp-json\/wp\/v2\/types\/product"}],"replies":[{"embeddable":true,"href":"https:\/\/fundacionceramicaitalia.org\/wp20\/wp-json\/wp\/v2\/comments?post=224"}],"wp:featuredmedia":[{"embeddable":true,"href":"https:\/\/fundacionceramicaitalia.org\/wp20\/wp-json\/wp\/v2\/media\/225"}],"wp:attachment":[{"href":"https:\/\/fundacionceramicaitalia.org\/wp20\/wp-json\/wp\/v2\/media?parent=224"}],"wp:term":[{"taxonomy":"product_cat","embeddable":true,"href":"https:\/\/fundacionceramicaitalia.org\/wp20\/wp-json\/wp\/v2\/product_cat?post=224"},{"taxonomy":"product_tag","embeddable":true,"href":"https:\/\/fundacionceramicaitalia.org\/wp20\/wp-json\/wp\/v2\/product_tag?post=224"}],"curies":[{"name":"wp","href":"https:\/\/api.w.org\/{rel}","templated":true}]}}