{"id":219,"date":"2021-07-21T15:55:29","date_gmt":"2021-07-21T15:55:29","guid":{"rendered":"https:\/\/fundacionceramicaitalia.org\/wp20\/?post_type=product&#038;p=219"},"modified":"2021-09-15T18:45:54","modified_gmt":"2021-09-15T18:45:54","slug":"a-choice","status":"publish","type":"product","link":"https:\/\/fundacionceramicaitalia.org\/wp20\/producto\/a-choice\/","title":{"rendered":"A CHOICE"},"content":{"rendered":"<p>Tenemos la opci\u00f3n de elegir lo que queremos, lo que nos gusta y lo que no; tambi\u00e9n, c\u00f3mo nos queremos sentir o c\u00f3mo decidimos ver la vida y nuestra actitud frente a ella.<br \/>\nEsta obra es el reflejo de una decisi\u00f3n tomada, que parece para siempre, corro\u00edda, vieja y que se mantiene.<br \/>\nSi nos detenemos a mirar con calma esos interruptores de luz y sin importar cu\u00e1nto tiempo haya pasado, podemos cambiar esta decisi\u00f3n, quiz\u00e1s la pared no se ver\u00e1 m\u00e1s lisa, quiz\u00e1s los interruptores no se ver\u00e1n c\u00f3mo eran el d\u00eda que los instalaron, pero si elegimos de otra manera y tocamos as\u00ed sea uno de ellos podremos ver que la luz se puede apagar o encender, que algo va cambiar, que es nuestra decisi\u00f3n, que todo se basa en una simple CHOICE para que la vida de una vuelta inesperada.<br \/>\nAtt: Autor.<\/p>\n","protected":false},"excerpt":{"rendered":"<p><em>La Fundaci\u00f3n Cer\u00e1mica Italia informa a todas las personas interesadas en adquirir obras de la Galer\u00eda Zulima que el costo de env\u00edo NO se encuentra reflejado en el valor de venta. Dicho costo ser\u00e1 asumido por el comprador o podr\u00e1 recibir la obra desde las instalaciones del Teatro Zulima C\u00facuta (Av. 5 #9-25 Centro C\u00facuta).<\/em><\/p>\n","protected":false},"featured_media":220,"comment_status":"open","ping_status":"closed","template":"","meta":[],"product_cat":[19],"product_tag":[],"class_list":["post-219","product","type-product","status-publish","has-post-thumbnail","hentry","product_cat-galeria-zulima"],"_links":{"self":[{"href":"https:\/\/fundacionceramicaitalia.org\/wp20\/wp-json\/wp\/v2\/product\/219","targetHints":{"allow":["GET"]}}],"collection":[{"href":"https:\/\/fundacionceramicaitalia.org\/wp20\/wp-json\/wp\/v2\/product"}],"about":[{"href":"https:\/\/fundacionceramicaitalia.org\/wp20\/wp-json\/wp\/v2\/types\/product"}],"replies":[{"embeddable":true,"href":"https:\/\/fundacionceramicaitalia.org\/wp20\/wp-json\/wp\/v2\/comments?post=219"}],"wp:featuredmedia":[{"embeddable":true,"href":"https:\/\/fundacionceramicaitalia.org\/wp20\/wp-json\/wp\/v2\/media\/220"}],"wp:attachment":[{"href":"https:\/\/fundacionceramicaitalia.org\/wp20\/wp-json\/wp\/v2\/media?parent=219"}],"wp:term":[{"taxonomy":"product_cat","embeddable":true,"href":"https:\/\/fundacionceramicaitalia.org\/wp20\/wp-json\/wp\/v2\/product_cat?post=219"},{"taxonomy":"product_tag","embeddable":true,"href":"https:\/\/fundacionceramicaitalia.org\/wp20\/wp-json\/wp\/v2\/product_tag?post=219"}],"curies":[{"name":"wp","href":"https:\/\/api.w.org\/{rel}","templated":true}]}}