{"id":216,"date":"2021-07-21T15:44:37","date_gmt":"2021-07-21T15:44:37","guid":{"rendered":"https:\/\/fundacionceramicaitalia.org\/wp20\/?post_type=product&#038;p=216"},"modified":"2021-09-13T18:54:25","modified_gmt":"2021-09-13T18:54:25","slug":"vestigios","status":"publish","type":"product","link":"https:\/\/fundacionceramicaitalia.org\/wp20\/producto\/vestigios\/","title":{"rendered":"VESTIGIOS"},"content":{"rendered":"<p>Mi proceso creativo ha estado relacionado con nuestros or\u00edgenes, nuestros ancestros y nuestra memoria. El arte rupestre o arte Precolombino fue lo primero que conoc\u00ed y desde ese entonces comenc\u00e9 a indagar y a plasmar desde mi interior formas y figuras que me acercaran a esos or\u00edgenes y desde all\u00ed, comenzar a desarrollar ese lenguaje que posteriormente se fue transformando en piezas con un car\u00e1cter m\u00e1s Contempor\u00e1neo.<br \/>\nLa influencia de Artistas como Fernando de Syzlo o Ram\u00edrez Villamizar, entre otros, han enriquecido este trabajo y han permitido investigar e indagar sobre la Cultura Milenaria Latinoamericana. \u00c9sta pieza en especial, se titula \u00a8VESTIGIOS\u00a8 y alude a los recuerdos que quedaron despu\u00e9s de visitar la Colecci\u00f3n de Arte antiguo del Museo Metropolitano de Nueva York, en donde existi\u00f3 la posibilidad de observar y disfrutar obras de Arte desde el Antiguo Egipto hasta nuestros d\u00edas.<br \/>\nAtt: Autor.<\/p>\n","protected":false},"excerpt":{"rendered":"<p><em>La Fundaci\u00f3n Cer\u00e1mica Italia informa a todas las personas interesadas en adquirir obras de la Galer\u00eda Zulima que el costo de env\u00edo NO se encuentra reflejado en el valor de venta. Dicho costo ser\u00e1 asumido por el comprador o podr\u00e1 recibir la obra desde las instalaciones del Teatro Zulima C\u00facuta (Av. 5 #9-25 Centro C\u00facuta).<\/em><\/p>\n","protected":false},"featured_media":319,"comment_status":"open","ping_status":"closed","template":"","meta":[],"product_cat":[19],"product_tag":[],"class_list":["post-216","product","type-product","status-publish","has-post-thumbnail","hentry","product_cat-galeria-zulima"],"_links":{"self":[{"href":"https:\/\/fundacionceramicaitalia.org\/wp20\/wp-json\/wp\/v2\/product\/216","targetHints":{"allow":["GET"]}}],"collection":[{"href":"https:\/\/fundacionceramicaitalia.org\/wp20\/wp-json\/wp\/v2\/product"}],"about":[{"href":"https:\/\/fundacionceramicaitalia.org\/wp20\/wp-json\/wp\/v2\/types\/product"}],"replies":[{"embeddable":true,"href":"https:\/\/fundacionceramicaitalia.org\/wp20\/wp-json\/wp\/v2\/comments?post=216"}],"wp:featuredmedia":[{"embeddable":true,"href":"https:\/\/fundacionceramicaitalia.org\/wp20\/wp-json\/wp\/v2\/media\/319"}],"wp:attachment":[{"href":"https:\/\/fundacionceramicaitalia.org\/wp20\/wp-json\/wp\/v2\/media?parent=216"}],"wp:term":[{"taxonomy":"product_cat","embeddable":true,"href":"https:\/\/fundacionceramicaitalia.org\/wp20\/wp-json\/wp\/v2\/product_cat?post=216"},{"taxonomy":"product_tag","embeddable":true,"href":"https:\/\/fundacionceramicaitalia.org\/wp20\/wp-json\/wp\/v2\/product_tag?post=216"}],"curies":[{"name":"wp","href":"https:\/\/api.w.org\/{rel}","templated":true}]}}