{"id":47,"date":"2020-06-24T16:02:21","date_gmt":"2020-06-24T16:02:21","guid":{"rendered":"https:\/\/fundacionceramicaitalia.org\/wp20\/?page_id=47"},"modified":"2021-09-15T22:18:33","modified_gmt":"2021-09-15T22:18:33","slug":"home","status":"publish","type":"page","link":"https:\/\/fundacionceramicaitalia.org\/wp20\/","title":{"rendered":"FUNDACI\u00d3N CER\u00c1MICA ITALIA"},"content":{"rendered":"\n\n\n<h2><strong>\u00a1Bienvenidos!<\/strong><\/h2>\n\n\n\n\n\n\n\n\n\n\nYa est\u00e1 abierta la Galeria Virtual Zulima\n<p style=\"text-align: center; \"><font color=\"#f2f2f2\">Conoce las 15 obras seleccionadas, sus historias, los artistas detr\u00e1s de cada pieza y el incre\u00edble talento de pintores norte santandereanos en esta primera edici\u00f3n, recuerda que puedes apoyar a estos artistas adquiriendo cualquiera de estas obras.  <\/font><\/p>\n\n\n\n\n\n<h2><b>Nuestros proyectos<\/b><\/h2>\n\n\n\n\n\n<h2><b>Conoce m\u00e1s sobre nosotros<\/b><\/h2>\n\n\n\n\n\n\n\n\n\n\nTeatro Zulima\n\n\n","protected":false},"excerpt":{"rendered":"","protected":false},"author":1,"featured_media":0,"parent":0,"menu_order":0,"comment_status":"closed","ping_status":"closed","template":"","meta":{"footnotes":""},"class_list":["post-47","page","type-page","status-publish","hentry"],"_links":{"self":[{"href":"https:\/\/fundacionceramicaitalia.org\/wp20\/wp-json\/wp\/v2\/pages\/47","targetHints":{"allow":["GET"]}}],"collection":[{"href":"https:\/\/fundacionceramicaitalia.org\/wp20\/wp-json\/wp\/v2\/pages"}],"about":[{"href":"https:\/\/fundacionceramicaitalia.org\/wp20\/wp-json\/wp\/v2\/types\/page"}],"author":[{"embeddable":true,"href":"https:\/\/fundacionceramicaitalia.org\/wp20\/wp-json\/wp\/v2\/users\/1"}],"replies":[{"embeddable":true,"href":"https:\/\/fundacionceramicaitalia.org\/wp20\/wp-json\/wp\/v2\/comments?post=47"}],"version-history":[{"count":28,"href":"https:\/\/fundacionceramicaitalia.org\/wp20\/wp-json\/wp\/v2\/pages\/47\/revisions"}],"predecessor-version":[{"id":508,"href":"https:\/\/fundacionceramicaitalia.org\/wp20\/wp-json\/wp\/v2\/pages\/47\/revisions\/508"}],"wp:attachment":[{"href":"https:\/\/fundacionceramicaitalia.org\/wp20\/wp-json\/wp\/v2\/media?parent=47"}],"curies":[{"name":"wp","href":"https:\/\/api.w.org\/{rel}","templated":true}]}}