{"id":173,"date":"2021-06-28T14:54:30","date_gmt":"2021-06-28T14:54:30","guid":{"rendered":"https:\/\/fundacionceramicaitalia.org\/wp20\/?page_id=173"},"modified":"2021-08-02T17:28:23","modified_gmt":"2021-08-02T17:28:23","slug":"miercoles-de-cultura-2","status":"publish","type":"page","link":"https:\/\/fundacionceramicaitalia.org\/wp20\/miercoles-de-cultura-2\/","title":{"rendered":"Mi\u00e9rcoles de Cultura"},"content":{"rendered":"\n\n\n\n\n\n\n\n\nMi\u00e9rcoles de Cultura\n\nEste programa inici\u00f3 en el a\u00f1o 2012 a\npartir de la necesidad de abrir un espacio cultural en la ciudad de C\u00facuta.\n<p><\/p><p><\/p>\nActualmente es una propuesta realizada anualmente para la\ngeneraci\u00f3n de eventos art\u00edsticos en la\nregi\u00f3n mediante la apertura de una\nconvocatoria para artista de diferentes\n\u00e1reas con el fin de darles espacios a cada\nuno para la generaci\u00f3n de una agenda\ncultural desde el Teatro Zulima. \n<p><\/p><p><\/p>\nMi\u00e9rcoles de Cultura lleva 9 a\u00f1os de recorrido, y cuenta con el objetivo de promoci\u00f3n de valores culturales y obras art\u00edsticas para los norte santandereanos.\n<p><br><\/p>\n\n\n<p>Promover un espacio para la realizaci\u00f3n de actos culturales de todos los gremios de artes esc\u00e9nicas en el Teatro Zulima.<br><\/p>\n<p><ul><li>Promocionar a los artistas y el talento de la regi\u00f3n con presentaciones en el Teatro abiertas al p\u00fablico en general.&nbsp;<\/li><li>Generar una agenda de oferta cultural para los nortesantandereanos y visitantes de C\u00facuta.<\/li><\/ul><\/p>\n\n\n","protected":false},"excerpt":{"rendered":"","protected":false},"author":1,"featured_media":0,"parent":0,"menu_order":0,"comment_status":"closed","ping_status":"closed","template":"","meta":{"footnotes":""},"class_list":["post-173","page","type-page","status-publish","hentry"],"_links":{"self":[{"href":"https:\/\/fundacionceramicaitalia.org\/wp20\/wp-json\/wp\/v2\/pages\/173","targetHints":{"allow":["GET"]}}],"collection":[{"href":"https:\/\/fundacionceramicaitalia.org\/wp20\/wp-json\/wp\/v2\/pages"}],"about":[{"href":"https:\/\/fundacionceramicaitalia.org\/wp20\/wp-json\/wp\/v2\/types\/page"}],"author":[{"embeddable":true,"href":"https:\/\/fundacionceramicaitalia.org\/wp20\/wp-json\/wp\/v2\/users\/1"}],"replies":[{"embeddable":true,"href":"https:\/\/fundacionceramicaitalia.org\/wp20\/wp-json\/wp\/v2\/comments?post=173"}],"version-history":[{"count":4,"href":"https:\/\/fundacionceramicaitalia.org\/wp20\/wp-json\/wp\/v2\/pages\/173\/revisions"}],"predecessor-version":[{"id":343,"href":"https:\/\/fundacionceramicaitalia.org\/wp20\/wp-json\/wp\/v2\/pages\/173\/revisions\/343"}],"wp:attachment":[{"href":"https:\/\/fundacionceramicaitalia.org\/wp20\/wp-json\/wp\/v2\/media?parent=173"}],"curies":[{"name":"wp","href":"https:\/\/api.w.org\/{rel}","templated":true}]}}