{"id":15,"date":"2020-06-24T13:23:37","date_gmt":"2020-06-24T13:23:37","guid":{"rendered":"https:\/\/fundacionceramicaitalia.org\/wp20\/?page_id=15"},"modified":"2021-08-02T22:03:55","modified_gmt":"2021-08-02T22:03:55","slug":"corporativo","status":"publish","type":"page","link":"https:\/\/fundacionceramicaitalia.org\/wp20\/corporativo\/","title":{"rendered":"Nosotros"},"content":{"rendered":"\n\n\nLa fundaci\u00f3n Cer\u00e1mica Italia es una organizaci\u00f3n privada, sin\n\u00e1nimo de lucro, comprometida con el desarrollo cultural, social y educativo de\nla ciudad con 10 a\u00f1os de recorrido, ha concentrado sus fuerzas en la promoci\u00f3n\ny creaci\u00f3n de espacios culturales y educativos que exalten el talento de la\nregi\u00f3n.\n\n\n\n\n\n\n\n\n<p><a><\/a><\/p><p><span style=\"font-size: 17px;\">Fue constituida por escritura p\u00fablica No. 3174 el 09 de octubre\ndel a\u00f1o 2003 a partir de una de las principales empresas de la regi\u00f3n, CER\u00c1MICA\nITALIA, qui\u00e9n decide centralizar los procesos y responsabilidad social con la\nFundaci\u00f3n; buscando as\u00ed, seguir atendiendo mediante un organizador alterno la\npresentaci\u00f3n de ayudas o promoci\u00f3n a entidades educativas, culturales y\nsociales.<\/span><span style=\"background-color: transparent; font-size: 12px;\"><\/span><p><o:p><\/o:p><\/p><\/p>\n\n\n\n\n\n\n<p class=\"MsoListParagraph\" style=\"text-align:justify\">Nuestra Misi\u00f3n es preservar\ny promover los intereses sociales, educativos y culturales de Norte de\nSantander a trav\u00e9s de la cooperaci\u00f3n y siendo gestor de la educaci\u00f3n y la\ncultura, en pro de la construcci\u00f3n de la sociedad.<o:p><\/o:p><\/p>\n\n\n\n\n\n\n<p>La Fundaci\u00f3n Cer\u00e1mica Italia ser\u00e1\nreconocida por los nortesantandereanos como una organizaci\u00f3n con est\u00e1ndares de\nexcelencia, que fomente el desarrollo de la cultura y sociedad nortesantandereana;\nadem\u00e1s de catalogarla como una de las mejores organizaciones sin \u00e1nimo de lucro\ndel departamento.<o:p><\/o:p><\/p>\n\n\n\n\n\n\nPreservar, fomentar el desarrollo cultural, social y educativo en Norte de Santander.\n\n\n\n\n\n\n\n\n\n\n\n\n\n\n\n\nEjes\nEstrat\u00e9gicos\n\n\nCultura\n\n\n<h1>Preservamos el patrimonio hist\u00f3rico cultural de Norte de\nSantander. En este eje se destaca el importante apoyo de la Fundaci\u00f3n\nmediante la administraci\u00f3n del ic\u00f3nico Teatro Zulima, a trav\u00e9s de\nacciones en fomento de la cultura a nivel regional.<\/h1>\n\n\n\n\nEducaci\u00f3n\n\n\nA trav\u00e9s de proyectos que impacten a la educaci\u00f3n en sus diferentes niveles, para la construcci\u00f3n de mejores ciudadanos con actitudes y valores capaces de generar una cultura de la solidaridad que promueva la generaci\u00f3n de futuros agentes de desarrollo humano y sostenible.\n\n\n\n\nSOCIEDAD\n\n\nGenerando iniciativas que impacten el\ndesarrollo social desde la identidad regional, promoviendo valores c\u00edvicos, cultura ciudadana,\nsolidaria y responsable con el medio ambiente.\n\n\n\n\nValores\nInstitucionales\n\nExcelencia\nCohesi\u00f3n Social\nCooperaci\u00f3n\nInspiraci\u00f3n\n\n\n\n","protected":false},"excerpt":{"rendered":"","protected":false},"author":1,"featured_media":0,"parent":0,"menu_order":0,"comment_status":"closed","ping_status":"closed","template":"","meta":{"footnotes":""},"class_list":["post-15","page","type-page","status-publish","hentry"],"_links":{"self":[{"href":"https:\/\/fundacionceramicaitalia.org\/wp20\/wp-json\/wp\/v2\/pages\/15","targetHints":{"allow":["GET"]}}],"collection":[{"href":"https:\/\/fundacionceramicaitalia.org\/wp20\/wp-json\/wp\/v2\/pages"}],"about":[{"href":"https:\/\/fundacionceramicaitalia.org\/wp20\/wp-json\/wp\/v2\/types\/page"}],"author":[{"embeddable":true,"href":"https:\/\/fundacionceramicaitalia.org\/wp20\/wp-json\/wp\/v2\/users\/1"}],"replies":[{"embeddable":true,"href":"https:\/\/fundacionceramicaitalia.org\/wp20\/wp-json\/wp\/v2\/comments?post=15"}],"version-history":[{"count":15,"href":"https:\/\/fundacionceramicaitalia.org\/wp20\/wp-json\/wp\/v2\/pages\/15\/revisions"}],"predecessor-version":[{"id":352,"href":"https:\/\/fundacionceramicaitalia.org\/wp20\/wp-json\/wp\/v2\/pages\/15\/revisions\/352"}],"wp:attachment":[{"href":"https:\/\/fundacionceramicaitalia.org\/wp20\/wp-json\/wp\/v2\/media?parent=15"}],"curies":[{"name":"wp","href":"https:\/\/api.w.org\/{rel}","templated":true}]}}