{"id":14,"date":"2020-06-24T13:23:37","date_gmt":"2020-06-24T13:23:37","guid":{"rendered":"https:\/\/fundacionceramicaitalia.org\/wp20\/?page_id=14"},"modified":"2021-08-02T03:44:10","modified_gmt":"2021-08-02T03:44:10","slug":"teatro-zulima","status":"publish","type":"page","link":"https:\/\/fundacionceramicaitalia.org\/wp20\/teatro-zulima\/","title":{"rendered":"Teatro Zulima"},"content":{"rendered":"\n\n\n\n\n\n\r\n<h2>Historia<\/h2>\r\n\n<hr \/>\r\n<p class=\"MsoListParagraph\" style=\"text-align: left;\"><span style=\"color: #d8d8d8;\">El Teatro Zulima fue construido el 17 de septiembre de 1954. Su inauguraci\u00f3n fue con la proyecci\u00f3n de \u201cEl Manto Sagrado\u201d, primera superproducci\u00f3n en cinemascope y tecnicolor, dirigida por Henry Koster y estrenada en 1953 en los Estados Unidos. El Teatro Zulima fue considerado el 13 de enero de 2004 por CORPATRIMONIO como un bien de inter\u00e9s cultural departamental, esto permite que el centro art\u00edstico sea supervisado por la Secretaria de Cultura Departamental para el \u00f3ptimo desenvolvimiento de sus actividades.<\/span><\/p>\r\n\n\n\n\n\n","protected":false},"excerpt":{"rendered":"","protected":false},"author":1,"featured_media":0,"parent":0,"menu_order":0,"comment_status":"closed","ping_status":"closed","template":"","meta":{"footnotes":""},"class_list":["post-14","page","type-page","status-publish","hentry"],"_links":{"self":[{"href":"https:\/\/fundacionceramicaitalia.org\/wp20\/wp-json\/wp\/v2\/pages\/14","targetHints":{"allow":["GET"]}}],"collection":[{"href":"https:\/\/fundacionceramicaitalia.org\/wp20\/wp-json\/wp\/v2\/pages"}],"about":[{"href":"https:\/\/fundacionceramicaitalia.org\/wp20\/wp-json\/wp\/v2\/types\/page"}],"author":[{"embeddable":true,"href":"https:\/\/fundacionceramicaitalia.org\/wp20\/wp-json\/wp\/v2\/users\/1"}],"replies":[{"embeddable":true,"href":"https:\/\/fundacionceramicaitalia.org\/wp20\/wp-json\/wp\/v2\/comments?post=14"}],"version-history":[{"count":9,"href":"https:\/\/fundacionceramicaitalia.org\/wp20\/wp-json\/wp\/v2\/pages\/14\/revisions"}],"predecessor-version":[{"id":324,"href":"https:\/\/fundacionceramicaitalia.org\/wp20\/wp-json\/wp\/v2\/pages\/14\/revisions\/324"}],"wp:attachment":[{"href":"https:\/\/fundacionceramicaitalia.org\/wp20\/wp-json\/wp\/v2\/media?parent=14"}],"curies":[{"name":"wp","href":"https:\/\/api.w.org\/{rel}","templated":true}]}}