{"id":13,"date":"2020-06-24T13:23:37","date_gmt":"2020-06-24T13:23:37","guid":{"rendered":"https:\/\/fundacionceramicaitalia.org\/wp20\/?page_id=13"},"modified":"2021-08-02T18:15:37","modified_gmt":"2021-08-02T18:15:37","slug":"juguemos-al-teatro","status":"publish","type":"page","link":"https:\/\/fundacionceramicaitalia.org\/wp20\/juguemos-al-teatro\/","title":{"rendered":"Juguemos al Teatro"},"content":{"rendered":"\n\n\n\n<p>juguemos al teatro<\/p>\n\n\n\n\r\n\r\n\r\n\r\n\r\n\r\n\r\n\r\n\r\n\r\n\r\n\r\n\r\n\r\n\r\n\r\n\r\n\r\n\r\n\r\n\r\n\r\n\r\n<p style=\"text-align: right; \"><span style=\"font-size: 20px; color: rgb(255, 255, 255);\"><strong style=\"line-height: 1;\">LOREM CORPORATE CEO<\/strong><\/span><\/p><p style=\"text-align: center;\"><span style=\"color: rgb(255, 255, 255);\">Duis aute irure dolor in reprehenderit in voluptate velit esse cillum dolore eu fugiat nulla pariatur. Excepteur sint occaecat cupidatat non proident, sunt in culpa qui officia deserunt mollit anim id est laborum.<\/span><\/p><p style=\"text-align: left;\"><sign>\u00a0 \u00a0 \u00a0 <span style=\"line-height: 2.0;\">Benn Marshall<\/span><\/sign><\/p>\n\n\n<p><span style=\"color: rgb(103, 106, 107); font-family: Poppins, sans-serif; font-size: 16px; letter-spacing: normal; text-decoration-style: initial;\">\u00ab<\/span><span style=\"font-weight: 700; color: rgb(103, 106, 107); font-family: Poppins, sans-serif; font-size: 16px; letter-spacing: normal; text-decoration-style: initial;\">Juguemos al teatro\u00bb<\/span><span style=\"color: rgb(103, 106, 107); font-family: Poppins, sans-serif; font-size: 16px; letter-spacing: normal; text-decoration-style: initial;\">&nbsp;es una iniciativa creada desde el 2013 por la Fundaci\u00f3n Cer\u00e1mica Italia desde la gesti\u00f3n del Teatro Zulima para promover el conocimiento en los ni\u00f1os sobre el arte y la cultura, as\u00ed como su historia por medio de un recorrido y taller art\u00edstico en las instalaciones del teatro.&nbsp;<\/span><\/p><p style=\"margin-bottom: 20px; color: rgb(103, 106, 107); font-family: Poppins, sans-serif; font-size: 16px; letter-spacing: normal; text-decoration-style: initial;\"><o:p><\/o:p><\/p><p style=\"margin-bottom: 20px; color: rgb(103, 106, 107); font-family: Poppins, sans-serif; font-size: 16px; letter-spacing: normal; text-decoration-style: initial;\"><br><\/p><p><span style=\"color: rgb(103, 106, 107); font-family: Poppins, sans-serif; font-size: 16px; letter-spacing: normal; text-decoration-style: initial;\">Este programa a llegado a ni\u00f1os de m\u00faltiples colegios de C\u00facuta y su \u00e1rea metropolitana dando la oportunidad por igual a todos de visitar, conocer y participar en la actividades del teatro.<\/span><br><\/p>\n\n\n\n\n\n\n\n\n\n","protected":false},"excerpt":{"rendered":"","protected":false},"author":1,"featured_media":0,"parent":0,"menu_order":0,"comment_status":"closed","ping_status":"closed","template":"","meta":{"footnotes":""},"class_list":["post-13","page","type-page","status-publish","hentry"],"_links":{"self":[{"href":"https:\/\/fundacionceramicaitalia.org\/wp20\/wp-json\/wp\/v2\/pages\/13","targetHints":{"allow":["GET"]}}],"collection":[{"href":"https:\/\/fundacionceramicaitalia.org\/wp20\/wp-json\/wp\/v2\/pages"}],"about":[{"href":"https:\/\/fundacionceramicaitalia.org\/wp20\/wp-json\/wp\/v2\/types\/page"}],"author":[{"embeddable":true,"href":"https:\/\/fundacionceramicaitalia.org\/wp20\/wp-json\/wp\/v2\/users\/1"}],"replies":[{"embeddable":true,"href":"https:\/\/fundacionceramicaitalia.org\/wp20\/wp-json\/wp\/v2\/comments?post=13"}],"version-history":[{"count":15,"href":"https:\/\/fundacionceramicaitalia.org\/wp20\/wp-json\/wp\/v2\/pages\/13\/revisions"}],"predecessor-version":[{"id":351,"href":"https:\/\/fundacionceramicaitalia.org\/wp20\/wp-json\/wp\/v2\/pages\/13\/revisions\/351"}],"wp:attachment":[{"href":"https:\/\/fundacionceramicaitalia.org\/wp20\/wp-json\/wp\/v2\/media?parent=13"}],"curies":[{"name":"wp","href":"https:\/\/api.w.org\/{rel}","templated":true}]}}