{"id":11,"date":"2020-06-24T13:23:37","date_gmt":"2020-06-24T13:23:37","guid":{"rendered":"https:\/\/fundacionceramicaitalia.org\/wp20\/?page_id=11"},"modified":"2022-03-15T16:28:42","modified_gmt":"2022-03-15T16:28:42","slug":"permanecia-esal","status":"publish","type":"page","link":"https:\/\/fundacionceramicaitalia.org\/wp20\/permanecia-esal\/","title":{"rendered":"PERMANENCIA ESAL"},"content":{"rendered":"\r\n\r\n\r\n\r\n\r\n\r\n\r\n\r\n\r\n<p><a title=\"ACTA ASAMBLEA\" href=\"https:\/\/fundacionceramicaitalia.org\/wp20\/wp-content\/uploads\/2022\/03\/ACTA-ASAMBLEA.pdf\" target=\"_Blank\" rel=\"noopener\" download=\"\"><span style=\"vertical-align: inherit;\"><span style=\"vertical-align: inherit;\">CLICK AQU\u00cd PARA VISUALIZAR NUESTRA ACTA ASAMBLEA GENERAL<\/span><\/span><\/a><\/p>\r\n\r\n\r\n\r\n<p><a href=\"https:\/\/fundacionceramicaitalia.org\/wp20\/wp-content\/uploads\/2022\/03\/BALANCE-SOCIAL-2021.pdf\" target=\"_blank\" rel=\"noopener\" download=\"\"><span style=\"vertical-align: inherit;\"><span style=\"vertical-align: inherit;\">CLICK AQU\u00cd PARA VISUALIZAR NUESTRO RESUMEN DE BALANCE SOCIAL<\/span><\/span><\/a><\/p>\r\n\r\n\r\n\r\n<p><a href=\"https:\/\/fundacionceramicaitalia.org\/wp20\/wp-content\/uploads\/2022\/03\/ESTADOS-FINANCIEROS-2021.pdf\" target=\"_blank\" rel=\"noopener\" download=\"\">CLICK AQU\u00cd PARA VISUALIZAR NUESTROS ESTADOS FINANCIEROS<\/a><\/p>\r\n\r\n\r\n\r\n<p><a href=\"https:\/\/fundacionceramicaitalia.org\/wp20\/wp-content\/uploads\/2022\/03\/CERTIFICADO-CUMPLIMIENTO-SOCIAL.pdf\" target=\"_blank\" rel=\"noopener\" download=\"\">CLICK AQU\u00cd PARA VISUALIZAR NUESTRO CERTIFICADO DE CUMPLIMIENTO SOCIAL<\/a>\u00a0<\/p>\r\n\r\n\r\n\r\n<p><a href=\"https:\/\/fundacionceramicaitalia.org\/wp20\/wp-content\/uploads\/2022\/03\/CERTIFICACION-ANTECEDENTES.pdf\" target=\"_blank\" rel=\"noopener\" download=\"\">CLICK AQU\u00cd PARA VISUALIZAR NUESTRO CERTIFICADO DE NO ANTECEDENTES<\/a>\u00a0<\/p>\r\n\r\n\r\n\r\n<p><a href=\"https:\/\/fundacionceramicaitalia.org\/wp20\/wp-content\/uploads\/2022\/03\/CAMARA-DE-COMERCIO-2022-.pdf\" target=\"_blank\" rel=\"noopener\" download=\"\"><span style=\"vertical-align: inherit;\"><span style=\"vertical-align: inherit;\">CLICK AQU\u00cd PARA VISUALIZAR NUESTRA CERTIFICACI\u00d3N DE C\u00c1MARA DE COMERCIO<\/span><\/span><\/a><\/p>\r\n\r\n\r\n\r\n<p><a title=\"Presentaci\u00f3n Permanencia\" href=\"https:\/\/fundacionceramicaitalia.org\/wp20\/wp-content\/uploads\/2022\/03\/PRESENTACION-PERMANENCIA-ESAL.pdf\" target=\"_blank\" rel=\"noopener\" download=\"\"><span style=\"vertical-align: inherit;\"><span style=\"vertical-align: inherit;\">CLICK AQU\u00cd PARA VISUALIZAR NUESTRA PRESENTACI\u00d3N DE PERMANENCIA ESAL<\/span><\/span><\/a><\/p>\r\n\r\n<p>&nbsp;<\/p>","protected":false},"excerpt":{"rendered":"<p>&nbsp;<\/p>\n","protected":false},"author":1,"featured_media":0,"parent":0,"menu_order":0,"comment_status":"closed","ping_status":"closed","template":"","meta":{"footnotes":""},"class_list":["post-11","page","type-page","status-publish","hentry"],"_links":{"self":[{"href":"https:\/\/fundacionceramicaitalia.org\/wp20\/wp-json\/wp\/v2\/pages\/11","targetHints":{"allow":["GET"]}}],"collection":[{"href":"https:\/\/fundacionceramicaitalia.org\/wp20\/wp-json\/wp\/v2\/pages"}],"about":[{"href":"https:\/\/fundacionceramicaitalia.org\/wp20\/wp-json\/wp\/v2\/types\/page"}],"author":[{"embeddable":true,"href":"https:\/\/fundacionceramicaitalia.org\/wp20\/wp-json\/wp\/v2\/users\/1"}],"replies":[{"embeddable":true,"href":"https:\/\/fundacionceramicaitalia.org\/wp20\/wp-json\/wp\/v2\/comments?post=11"}],"version-history":[{"count":23,"href":"https:\/\/fundacionceramicaitalia.org\/wp20\/wp-json\/wp\/v2\/pages\/11\/revisions"}],"predecessor-version":[{"id":522,"href":"https:\/\/fundacionceramicaitalia.org\/wp20\/wp-json\/wp\/v2\/pages\/11\/revisions\/522"}],"wp:attachment":[{"href":"https:\/\/fundacionceramicaitalia.org\/wp20\/wp-json\/wp\/v2\/media?parent=11"}],"curies":[{"name":"wp","href":"https:\/\/api.w.org\/{rel}","templated":true}]}}